{"id":846,"date":"2025-06-27T16:17:28","date_gmt":"2025-06-27T14:17:28","guid":{"rendered":"https:\/\/latrobadahotelsport.com\/?page_id=846"},"modified":"2025-08-04T11:26:15","modified_gmt":"2025-08-04T09:26:15","slug":"sobre-nosotros","status":"publish","type":"page","link":"https:\/\/latrobadahotelsport.com\/cat\/sobre-nosotros\/","title":{"rendered":"Sobre Nosotros"},"content":{"rendered":"\t\t<div data-elementor-type=\"wp-page\" data-elementor-id=\"846\" class=\"elementor elementor-846\" data-elementor-post-type=\"page\">\n\t\t\t\t<div class=\"elementor-element elementor-element-2fba7ba e-con-full e-flex e-con e-parent\" data-id=\"2fba7ba\" data-element_type=\"container\" data-e-type=\"container\" data-settings=\"{&quot;background_background&quot;:&quot;classic&quot;}\">\n\t\t\t\t<div class=\"elementor-element elementor-element-b3722d2 elementor-widget elementor-widget-image\" data-id=\"b3722d2\" data-element_type=\"widget\" data-e-type=\"widget\" data-widget_type=\"image.default\">\n\t\t\t\t<div class=\"elementor-widget-container\">\n\t\t\t\t\t\t\t\t\t\t\t\t\t\t\t<img fetchpriority=\"high\" decoding=\"async\" width=\"1103\" height=\"1103\" src=\"https:\/\/latrobadahotelsport.com\/cat\/wp-content\/uploads\/sites\/2\/iso-latrobada-blanco.webp\" class=\"attachment-large size-large wp-image-1432\" alt=\"iso latrobada blanco.webp\" srcset=\"https:\/\/latrobadahotelsport.com\/cat\/wp-content\/uploads\/sites\/2\/iso-latrobada-blanco.webp 1103w, https:\/\/latrobadahotelsport.com\/cat\/wp-content\/uploads\/sites\/2\/iso-latrobada-blanco-768x768.webp 768w\" sizes=\"(max-width: 1103px) 100vw, 1103px\" \/>\t\t\t\t\t\t\t\t\t\t\t\t\t\t\t<\/div>\n\t\t\t\t<\/div>\n\t\t\t\t<div class=\"elementor-element elementor-element-b92acfa elementor-widget elementor-widget-heading\" data-id=\"b92acfa\" data-element_type=\"widget\" data-e-type=\"widget\" data-widget_type=\"heading.default\">\n\t\t\t\t<div class=\"elementor-widget-container\">\n\t\t\t\t\t<h1 class=\"elementor-heading-title elementor-size-default\">La Trobada Hotel Sport<\/h1>\t\t\t\t<\/div>\n\t\t\t\t<\/div>\n\t\t\t\t<div class=\"elementor-element elementor-element-f339f6c elementor-widget elementor-widget-heading\" data-id=\"f339f6c\" data-element_type=\"widget\" data-e-type=\"widget\" data-widget_type=\"heading.default\">\n\t\t\t\t<div class=\"elementor-widget-container\">\n\t\t\t\t\t<h2 class=\"elementor-heading-title elementor-size-default\">Sobre Nosotros<\/h2>\t\t\t\t<\/div>\n\t\t\t\t<\/div>\n\t\t\t\t<div class=\"elementor-element elementor-element-89b5e9d elementor-align-center elementor-widget elementor-widget-button\" data-id=\"89b5e9d\" data-element_type=\"widget\" data-e-type=\"widget\" data-widget_type=\"button.default\">\n\t\t\t\t<div class=\"elementor-widget-container\">\n\t\t\t\t\t\t\t\t\t<div class=\"elementor-button-wrapper\">\n\t\t\t\t\t<a class=\"elementor-button elementor-button-link elementor-size-sm elementor-animation-pulse-grow\" href=\"#sobrenosotros\">\n\t\t\t\t\t\t<span class=\"elementor-button-content-wrapper\">\n\t\t\t\t\t\t<span class=\"elementor-button-icon\">\n\t\t\t\t<svg aria-hidden=\"true\" class=\"e-font-icon-svg e-fas-angle-down\" viewBox=\"0 0 320 512\" xmlns=\"http:\/\/www.w3.org\/2000\/svg\"><path d=\"M143 352.3L7 216.3c-9.4-9.4-9.4-24.6 0-33.9l22.6-22.6c9.4-9.4 24.6-9.4 33.9 0l96.4 96.4 96.4-96.4c9.4-9.4 24.6-9.4 33.9 0l22.6 22.6c9.4 9.4 9.4 24.6 0 33.9l-136 136c-9.2 9.4-24.4 9.4-33.8 0z\"><\/path><\/svg>\t\t\t<\/span>\n\t\t\t\t\t\t\t\t<\/span>\n\t\t\t\t\t<\/a>\n\t\t\t\t<\/div>\n\t\t\t\t\t\t\t\t<\/div>\n\t\t\t\t<\/div>\n\t\t\t\t<\/div>\n\t\t<div class=\"elementor-element elementor-element-0db4981 e-flex e-con-boxed e-con e-parent\" data-id=\"0db4981\" data-element_type=\"container\" data-e-type=\"container\" data-settings=\"{&quot;background_background&quot;:&quot;classic&quot;}\">\n\t\t\t\t\t<div class=\"e-con-inner\">\n\t\t<div class=\"elementor-element elementor-element-2f09de6 e-con-full e-flex e-con e-child\" data-id=\"2f09de6\" data-element_type=\"container\" data-e-type=\"container\" data-settings=\"{&quot;background_background&quot;:&quot;classic&quot;}\">\n\t\t\t\t<div class=\"elementor-element elementor-element-31ad891 elementor-widget elementor-widget-shortcode\" data-id=\"31ad891\" data-element_type=\"widget\" data-e-type=\"widget\" data-widget_type=\"shortcode.default\">\n\t\t\t\t<div class=\"elementor-widget-container\">\n\t\t\t\t\t\t\t<div class=\"elementor-shortcode\">\t        <link href=\"https:\/\/fonts.googleapis.com\/css2?family=Playfair Display:ital,wght@0,100;0,200;0,300;0,400;0,500;0,600;0,700;0,800;0,900;1,100;1,200;1,300;1,400;1,500;1,600;1,700;1,800;1,900&display=swap\" rel=\"stylesheet\">\r\n<style>\r\n    .avc-calendar.avc-calendar-1 {\r\n        background-color: rgba(226.99, 236.01, 247.02, 0);\r\n        border-width: 0px;\r\n        border-color: rgba(0.74, 0.74, 0.74, 0);\r\n        border-radius: 2px;\r\n        column-gap: 16px;\r\n        row-gap: 16px;\r\n        font-family: \"Playfair Display\";\r\n    }\r\n\r\n    \r\n    .avc-calendar.avc-calendar-1>.avc-input {\r\n        background-color: rgba(255,255,255,1);\r\n        border-width: 1px;\r\n        border-color: rgba(0.74, 0.74, 0.74, 0);\r\n        border-radius: 2px;\r\n        color: rgba(125, 98, 56, 1);\r\n        font-size: 14px;\r\n        padding-top: 8px;\r\n        padding-bottom: 8px;\r\n    }\r\n    \r\n    .avc-calendar.avc-calendar-1>.avc-input>i {\r\n        color: rgba(136, 103, 9, 1);\r\n    }\r\n\r\n    .avc-calendar.avc-calendar-1>.avc-input>input {\r\n        font-size: 14px;\r\n    }\r\n\r\n    \/* Separated because of this: https:\/\/stackoverflow.com\/a\/39155868 *\/\r\n    .avc-calendar.avc-calendar-1input::placeholder {\r\n        color: inherit;\r\n        font-size: inherit;\r\n    }\r\n\r\n    .avc-calendar.avc-calendar-1input::-moz-placeholder {\r\n        color: inherit;\r\n        font-size: inherit;\r\n    }\r\n\r\n    .avc-calendar.avc-calendar-1input::-webkit-input-placeholder {\r\n        color: inherit;\r\n        font-size: inherit;\r\n    }\r\n\r\n    .avc-calendar.avc-calendar-1input:-ms-input-placeholder {\r\n        color: inherit;\r\n        font-size: inherit;\r\n    }\r\n\r\n    .avc-calendar.avc-calendar-1input::-ms-input-placeholder {\r\n        color: inherit;\r\n        font-size: inherit;\r\n    }\r\n\r\n    .avc-calendar.avc-calendar-1>.avc-button {\r\n        background-color: rgba(147, 120, 78, 1);\r\n        border-width: 0px;\r\n        border-color: rgba(219.35, 205.82, 184.77, 1);\r\n        border-radius: 0px;\r\n        color: rgba(255,255,255,1);\r\n        font-size: 14px;\r\n        padding-top: 8px;\r\n        padding-bottom: 8px;\r\n    }\r\n\r\n    .avc-calendar.avc-calendar-1:not(.avc-calendar-v)>.avc-button {\r\n        width: 15%;\r\n    }\r\n\r\n    .avc-calendar.avc-calendar-1>.avc-button:hover {\r\n        background-color: rgba(152,127,87,1);\r\n    }\r\n\r\n    .avc-datepicker.avc-datepicker-1.ui-state-highlight {\r\n        border: 1px solid rgba(147, 120, 78, 1);\r\n        color: rgba(147, 120, 78, 1);\r\n    }\r\n\r\n    .avc-datepicker.avc-datepicker-1.ui-state-highlight:not(.ui-state-active):hover {\r\n        background-color: rgba(239,235,228,1);\r\n    }\r\n\r\n    .avc-datepicker.avc-datepicker-1.ui-datepicker table>tbody>tr>td>a.ui-state-active.ui-state-default {\r\n        border: 1px solid rgba(147, 120, 78, 1) !important;\r\n        background-color: rgba(147, 120, 78, 1) !important;\r\n        color: rgba(255,255,255,1) !important;\r\n    }\r\n<\/style>        \r\n<div class=\"avc-calendar avc-calendar-1  avc-calendar-spacing \" data-id=\"1\" id=\"avc-1\" data-categories=\"[{&quot;id&quot;:&quot;56&quot;,&quot;establishment_id&quot;:&quot;1&quot;,&quot;name&quot;:&quot;[S] Individual&quot;},{&quot;id&quot;:&quot;58&quot;,&quot;establishment_id&quot;:&quot;1&quot;,&quot;name&quot;:&quot;[S] Doble comfort&quot;},{&quot;id&quot;:&quot;59&quot;,&quot;establishment_id&quot;:&quot;1&quot;,&quot;name&quot;:&quot;[S] Doble 2 llits&quot;},{&quot;id&quot;:&quot;62&quot;,&quot;establishment_id&quot;:&quot;1&quot;,&quot;name&quot;:&quot;[S] Doble amb Vistes Monestir&quot;},{&quot;id&quot;:&quot;65&quot;,&quot;establishment_id&quot;:&quot;1&quot;,&quot;name&quot;:&quot;[S] Doble amb Vistes 2 llits Monestir&quot;},{&quot;id&quot;:&quot;68&quot;,&quot;establishment_id&quot;:&quot;1&quot;,&quot;name&quot;:&quot;[S] Triple&quot;},{&quot;id&quot;:&quot;71&quot;,&quot;establishment_id&quot;:&quot;1&quot;,&quot;name&quot;:&quot;[S] Familiar&quot;},{&quot;id&quot;:&quot;74&quot;,&quot;establishment_id&quot;:&quot;1&quot;,&quot;name&quot;:&quot;[S] Doble Econ\\u00f2mica&quot;},{&quot;id&quot;:&quot;77&quot;,&quot;establishment_id&quot;:&quot;1&quot;,&quot;name&quot;:&quot;[S] Studio&quot;},{&quot;id&quot;:&quot;80&quot;,&quot;establishment_id&quot;:&quot;1&quot;,&quot;name&quot;:&quot;[S] Studio Deluxe&quot;},{&quot;id&quot;:&quot;83&quot;,&quot;establishment_id&quot;:&quot;1&quot;,&quot;name&quot;:&quot;[S] Doble Comunicada&quot;},{&quot;id&quot;:&quot;86&quot;,&quot;establishment_id&quot;:&quot;1&quot;,&quot;name&quot;:&quot;[S] Doble amb vistes a la Muntanya&quot;},{&quot;id&quot;:&quot;88&quot;,&quot;establishment_id&quot;:&quot;1&quot;,&quot;name&quot;:&quot;[S] Doble \\u00fas individual&quot;}]\" data-lang=\"es\" data-globalredirect=\"false\" data-globalredirectId=\"0\" >\r\n    <select\r\n        class=\"avc-input avc-establishment avc-establishment-1  avc-calendar-spacing \" style=\"display: none;\"\r\n        data-single=\"1\"\r\n        data-default-webcode=\"21502048\"\r\n    >\r\n        <option value=\"\">Establecimientos<\/option>\r\n                <option value=\"21502048\" data-id=\"1\">\r\n            Latrobadahotelsport        <\/option>\r\n            <\/select>\r\n        <label class=\"avc-input\">\r\n                    <i class=\"material-icons\">calendar_today<\/i>\r\n                <input type=\"text\" class=\"avc-arrival\" placeholder=\"Llegada\" readonly data-id=\"1\">\r\n    <\/label>\r\n    <label class=\"avc-input\">\r\n                    <i class=\"material-icons\">calendar_today<\/i>\r\n                <input type=\"text\" class=\"avc-departure\" placeholder=\"Salida\" readonly data-id=\"1\">\r\n    <\/label>\r\n    <label class=\"avc-input\" style=\"display: block;\">\r\n        <input type=\"text\" class=\"avc-promotion\" placeholder=\"C\u00f3digo promocional\" value=\"\">\r\n    <\/label>\r\n    <button class=\"avc-button\" onclick=\"go_to_bengine(1)\" >Reservar<\/button>\r\n    <input type=\"hidden\" id=\"avinput_redirect\" value=\"false\" data-pageRedirURL=\"https:\/\/latrobadahotelsport.com\/cat\/sobre-nosotros\/\">\r\n    <input type=\"hidden\" id=\"avinput_san\" value=\"false\">\r\n    <input type=\"hidden\" id=\"avinput_zones\" value=\"false\">\r\n<\/div><\/div>\n\t\t\t\t\t\t<\/div>\n\t\t\t\t<\/div>\n\t\t\t\t<div class=\"elementor-element elementor-element-4a92a88 elementor-widget elementor-widget-heading\" data-id=\"4a92a88\" data-element_type=\"widget\" data-e-type=\"widget\" data-widget_type=\"heading.default\">\n\t\t\t\t<div class=\"elementor-widget-container\">\n\t\t\t\t\t<h6 class=\"elementor-heading-title elementor-size-default\">Reserva <b>desde la web<\/b> oficial y beneficiate de hasta un <b>10% de DESCUENTO<\/b> en tus vacaciones<\/h6>\t\t\t\t<\/div>\n\t\t\t\t<\/div>\n\t\t\t\t<\/div>\n\t\t\t\t\t<\/div>\n\t\t\t\t<\/div>\n\t\t<div class=\"elementor-element elementor-element-dc88159 e-flex e-con-boxed e-con e-parent\" data-id=\"dc88159\" data-element_type=\"container\" data-e-type=\"container\" data-settings=\"{&quot;background_background&quot;:&quot;classic&quot;}\">\n\t\t\t\t\t<div class=\"e-con-inner\">\n\t\t<div class=\"elementor-element elementor-element-d777e9b e-con-full e-flex e-con e-child\" data-id=\"d777e9b\" data-element_type=\"container\" data-e-type=\"container\">\n\t\t\t\t<div class=\"elementor-element elementor-element-08a1063 elementor-widget elementor-widget-image\" data-id=\"08a1063\" data-element_type=\"widget\" data-e-type=\"widget\" id=\"sobrenosotros\" data-widget_type=\"image.default\">\n\t\t\t\t<div class=\"elementor-widget-container\">\n\t\t\t\t\t\t\t\t\t\t\t\t\t\t\t<img decoding=\"async\" width=\"512\" height=\"512\" src=\"https:\/\/latrobadahotelsport.com\/cat\/wp-content\/uploads\/sites\/2\/dorado-la-trobada-hotel-boutique.webp\" class=\"attachment-large size-large wp-image-726\" alt=\"dorado la trobada hotel boutique.webp\" \/>\t\t\t\t\t\t\t\t\t\t\t\t\t\t\t<\/div>\n\t\t\t\t<\/div>\n\t\t\t\t<div class=\"elementor-element elementor-element-70aa07b elementor-widget elementor-widget-heading\" data-id=\"70aa07b\" data-element_type=\"widget\" data-e-type=\"widget\" data-widget_type=\"heading.default\">\n\t\t\t\t<div class=\"elementor-widget-container\">\n\t\t\t\t\t<h2 class=\"elementor-heading-title elementor-size-default\">La Trobada Hotel Sport, vuestro refugio en Ripoll<\/h2>\t\t\t\t<\/div>\n\t\t\t\t<\/div>\n\t\t\t\t<div class=\"elementor-element elementor-element-537cd7d elementor-widget elementor-widget-text-editor\" data-id=\"537cd7d\" data-element_type=\"widget\" data-e-type=\"widget\" data-widget_type=\"text-editor.default\">\n\t\t\t\t<div class=\"elementor-widget-container\">\n\t\t\t\t\t\t\t\t\t<p>En el coraz\u00f3n del Ripoll\u00e8s, <strong>La Trobada Hotel<\/strong> Sport es mucho m\u00e1s que un alojamiento: es una experiencia acogedora, pr\u00f3xima y aut\u00e9ntica. Situado en una ubicaci\u00f3n c\u00e9ntrica y tranquila, a tocar del centro hist\u00f3rico de Ripoll, nuestro hotel os invita a descubrir el pueblo con comodidad y libertad.<\/p><p>Nuestros clientes valoran especialmente el <strong>trato familiar, la calma del entorno<\/strong>, <strong>las bonitas vistas a la monta\u00f1a y la atenci\u00f3n personalizada<\/strong> que nos hacen \u00fanicos. Aqu\u00ed, os sentir\u00e9is como en casa, tanto si ven\u00eds para una escapada de natura, una estancia deportiva o un viaje en familia.<\/p><p>Disponemos de habitaciones para todas las necesidades: individuales, dobles, triples y familiares, todas ellas c\u00f3modas y funcionales. Recientemente hemos incorporado nuevos apartamentos y suites con balc\u00f3n, ideales para a estancias m\u00e1s largas o para quien busca un extra de <strong>confort e intimidad<\/strong>.\u00a0<\/p><p>Despu\u00e9s de la reforma, todas las estancias son <strong>m\u00e1s modernas y eficientes energ\u00e9ticamente<\/strong>, pensadas para garantizar vuestro bienestar durante todo el a\u00f1o.<\/p><p>Adem\u00e1s, en La Trobada encontrar\u00e9is espacios pensados para relajaros y compartir: una sala de estar acogedora, perfecta para descansar o leer, y una <strong>cocina office<\/strong> a disposici\u00f3n de los clientes, per sentiros como en casa.<\/p><p>Nos encontramos en un punto estrat\u00e9gico para explorar la vall de Ribes y Camprodon, recorrer rutas de senderismo o BTT, y descubrir el rico patrimonio rom\u00e1nico de la zona. Tambi\u00e9n disponemos de <strong>parking privado<\/strong> para bicicletas y motos, con servicios adaptados para los ciclistas y excursionistas.<\/p><p>En La Trobada Hotel Sport cuidamos cada detalle para que pod\u00e1is vivir lo mejor de Ripoll\u2026 y de vuestro tiempo con nosotros.<\/p><p><strong>\u00a1Descubrid La Trobada! \u00a1Descubrid Ripoll!<\/strong><\/p>\t\t\t\t\t\t\t\t<\/div>\n\t\t\t\t<\/div>\n\t\t\t\t<\/div>\n\t\t\t\t\t<\/div>\n\t\t\t\t<\/div>\n\t\t<div class=\"elementor-element elementor-element-6ad147d e-flex e-con-boxed e-con e-parent\" data-id=\"6ad147d\" data-element_type=\"container\" data-e-type=\"container\" data-settings=\"{&quot;background_background&quot;:&quot;gradient&quot;}\">\n\t\t\t\t\t<div class=\"e-con-inner\">\n\t\t\t\t<div class=\"elementor-element elementor-element-fe01907 elementor-widget__width-initial elementor-widget elementor-widget-image\" data-id=\"fe01907\" data-element_type=\"widget\" data-e-type=\"widget\" data-widget_type=\"image.default\">\n\t\t\t\t<div class=\"elementor-widget-container\">\n\t\t\t\t\t\t\t\t\t\t\t\t\t\t\t<img decoding=\"async\" width=\"1920\" height=\"1280\" src=\"https:\/\/latrobadahotelsport.com\/cat\/wp-content\/uploads\/sites\/2\/Vista-de-La-Trobada-Hotel-Sport-en-Ripoll.webp\" class=\"attachment-full size-full wp-image-1815\" alt=\"Vista de La Trobada Hotel Sport en Ripoll\" srcset=\"https:\/\/latrobadahotelsport.com\/cat\/wp-content\/uploads\/sites\/2\/Vista-de-La-Trobada-Hotel-Sport-en-Ripoll.webp 1920w, https:\/\/latrobadahotelsport.com\/cat\/wp-content\/uploads\/sites\/2\/Vista-de-La-Trobada-Hotel-Sport-en-Ripoll-768x512.webp 768w, https:\/\/latrobadahotelsport.com\/cat\/wp-content\/uploads\/sites\/2\/Vista-de-La-Trobada-Hotel-Sport-en-Ripoll-1536x1024.webp 1536w\" sizes=\"(max-width: 1920px) 100vw, 1920px\" \/>\t\t\t\t\t\t\t\t\t\t\t\t\t\t\t<\/div>\n\t\t\t\t<\/div>\n\t\t<div class=\"elementor-element elementor-element-9c89e31 e-con-full elementor-hidden-desktop elementor-hidden-laptop elementor-hidden-tablet elementor-hidden-mobile e-flex e-con e-child\" data-id=\"9c89e31\" data-element_type=\"container\" data-e-type=\"container\">\n\t\t\t\t<div class=\"elementor-element elementor-element-db25313 elementor-widget elementor-widget-image\" data-id=\"db25313\" data-element_type=\"widget\" data-e-type=\"widget\" data-widget_type=\"image.default\">\n\t\t\t\t<div class=\"elementor-widget-container\">\n\t\t\t\t\t\t\t\t\t\t\t\t\t\t\t<img decoding=\"async\" width=\"512\" height=\"512\" src=\"https:\/\/latrobadahotelsport.com\/cat\/wp-content\/uploads\/sites\/2\/dorado-la-trobada-hotel-boutique.webp\" class=\"attachment-large size-large wp-image-726\" alt=\"dorado la trobada hotel boutique.webp\" \/>\t\t\t\t\t\t\t\t\t\t\t\t\t\t\t<\/div>\n\t\t\t\t<\/div>\n\t\t\t\t<div class=\"elementor-element elementor-element-6bf0b01 elementor-widget elementor-widget-heading\" data-id=\"6bf0b01\" data-element_type=\"widget\" data-e-type=\"widget\" data-widget_type=\"heading.default\">\n\t\t\t\t<div class=\"elementor-widget-container\">\n\t\t\t\t\t<h2 class=\"elementor-heading-title elementor-size-default\">M\u00e1s informaciones<\/h2>\t\t\t\t<\/div>\n\t\t\t\t<\/div>\n\t\t\t\t<div class=\"elementor-element elementor-element-b075664 elementor-widget-divider--view-line elementor-widget elementor-widget-divider\" data-id=\"b075664\" data-element_type=\"widget\" data-e-type=\"widget\" data-widget_type=\"divider.default\">\n\t\t\t\t<div class=\"elementor-widget-container\">\n\t\t\t\t\t\t\t<div class=\"elementor-divider\">\n\t\t\t<span class=\"elementor-divider-separator\">\n\t\t\t\t\t\t<\/span>\n\t\t<\/div>\n\t\t\t\t\t\t<\/div>\n\t\t\t\t<\/div>\n\t\t\t\t<div class=\"elementor-element elementor-element-976d6a3 elementor-widget elementor-widget-text-editor\" data-id=\"976d6a3\" data-element_type=\"widget\" data-e-type=\"widget\" data-widget_type=\"text-editor.default\">\n\t\t\t\t<div class=\"elementor-widget-container\">\n\t\t\t\t\t\t\t\t\t<p>Aunque os pueda parecer curioso, la historia de La Trobada no comienza con un hotel, sino con un restaurante. En 1981, mis abuelos &#8211; Jaume y Assumpci\u00f3 -, y mi madre &#8211; Merc\u00e9 &#8211; con el objetivo de dar salida a la producci\u00f3n propia de las granjas de la familia, construyeron el Restaurante La Trobada. El restaurante se convirti\u00f3 en un espacio en el que los clientes pod\u00edan disfrutar de la gastronom\u00eda de nuestro territorio.<\/p>\t\t\t\t\t\t\t\t<\/div>\n\t\t\t\t<\/div>\n\t\t<div class=\"elementor-element elementor-element-e799005 e-con-full e-flex e-con e-child\" data-id=\"e799005\" data-element_type=\"container\" data-e-type=\"container\">\n\t\t\t\t<div class=\"elementor-element elementor-element-6df6b79 elementor-widget elementor-widget-button\" data-id=\"6df6b79\" data-element_type=\"widget\" data-e-type=\"widget\" data-widget_type=\"button.default\">\n\t\t\t\t<div class=\"elementor-widget-container\">\n\t\t\t\t\t\t\t\t\t<div class=\"elementor-button-wrapper\">\n\t\t\t\t\t<a class=\"elementor-button elementor-button-link elementor-size-md elementor-animation-sink\" href=\"https:\/\/latrobadahotelsport.com\/cat\/contacto\/\">\n\t\t\t\t\t\t<span class=\"elementor-button-content-wrapper\">\n\t\t\t\t\t\t\t\t\t<span class=\"elementor-button-text\">CONTACTA CON LA TROBADA<\/span>\n\t\t\t\t\t<\/span>\n\t\t\t\t\t<\/a>\n\t\t\t\t<\/div>\n\t\t\t\t\t\t\t\t<\/div>\n\t\t\t\t<\/div>\n\t\t\t\t<\/div>\n\t\t\t\t<\/div>\n\t\t\t\t\t<\/div>\n\t\t\t\t<\/div>\n\t\t<div class=\"elementor-element elementor-element-724e77f e-con-full e-flex e-con e-parent\" data-id=\"724e77f\" data-element_type=\"container\" data-e-type=\"container\">\n\t\t<div class=\"elementor-element elementor-element-d3e6891 e-con-full e-flex e-con e-child\" data-id=\"d3e6891\" data-element_type=\"container\" data-e-type=\"container\" data-settings=\"{&quot;background_background&quot;:&quot;classic&quot;}\">\n\t\t\t\t<div class=\"elementor-element elementor-element-64849e2 elementor-widget elementor-widget-heading\" data-id=\"64849e2\" data-element_type=\"widget\" data-e-type=\"widget\" data-widget_type=\"heading.default\">\n\t\t\t\t<div class=\"elementor-widget-container\">\n\t\t\t\t\t<h2 class=\"elementor-heading-title elementor-size-default\">WEB OFICIAL<\/h2>\t\t\t\t<\/div>\n\t\t\t\t<\/div>\n\t\t\t\t<div class=\"elementor-element elementor-element-0ed1356 elementor-widget elementor-widget-heading\" data-id=\"0ed1356\" data-element_type=\"widget\" data-e-type=\"widget\" data-widget_type=\"heading.default\">\n\t\t\t\t<div class=\"elementor-widget-container\">\n\t\t\t\t\t<h3 class=\"elementor-heading-title elementor-size-default\">RESERVA TU ALOJAMIENTO EN RIPOLL AL MEJOR PRECIO<\/h3>\t\t\t\t<\/div>\n\t\t\t\t<\/div>\n\t\t\t\t<div class=\"elementor-element elementor-element-8223ba0 elementor-widget-divider--view-line elementor-widget elementor-widget-divider\" data-id=\"8223ba0\" data-element_type=\"widget\" data-e-type=\"widget\" data-widget_type=\"divider.default\">\n\t\t\t\t<div class=\"elementor-widget-container\">\n\t\t\t\t\t\t\t<div class=\"elementor-divider\">\n\t\t\t<span class=\"elementor-divider-separator\">\n\t\t\t\t\t\t<\/span>\n\t\t<\/div>\n\t\t\t\t\t\t<\/div>\n\t\t\t\t<\/div>\n\t\t<div class=\"elementor-element elementor-element-c23dbd2 e-con-full e-flex e-con e-child\" data-id=\"c23dbd2\" data-element_type=\"container\" data-e-type=\"container\">\n\t\t\t\t<div class=\"elementor-element elementor-element-41d3c50 elementor-align-center elementor-widget elementor-widget-button\" data-id=\"41d3c50\" data-element_type=\"widget\" data-e-type=\"widget\" data-widget_type=\"button.default\">\n\t\t\t\t<div class=\"elementor-widget-container\">\n\t\t\t\t\t\t\t\t\t<div class=\"elementor-button-wrapper\">\n\t\t\t\t\t<a class=\"elementor-button elementor-button-link elementor-size-md elementor-animation-float\" href=\"https:\/\/booking.avirato.com\/?code=21502048&#038;id_habitacion=74-58-59-65-86-62-83-71-56-77-80-68-88\" target=\"_blank\">\n\t\t\t\t\t\t<span class=\"elementor-button-content-wrapper\">\n\t\t\t\t\t\t\t\t\t<span class=\"elementor-button-text\">MEJOR PRECIO GARANTIZADO<\/span>\n\t\t\t\t\t<\/span>\n\t\t\t\t\t<\/a>\n\t\t\t\t<\/div>\n\t\t\t\t\t\t\t\t<\/div>\n\t\t\t\t<\/div>\n\t\t\t\t<\/div>\n\t\t\t\t<\/div>\n\t\t\t\t<\/div>\n\t\t\t\t<\/div>\n\t\t","protected":false},"excerpt":{"rendered":"<p>La Trobada Hotel Sport Reserva desde la web oficial y beneficiate de hasta un 10% de DESCUENTO en tus vacaciones La Trobada Hotel Sport, vuestro refugio en Ripoll En el coraz\u00f3n del Ripoll\u00e8s, La Trobada Hotel Sport es mucho m\u00e1s que un alojamiento: es una experiencia acogedora, pr\u00f3xima y aut\u00e9ntica. Situado en una ubicaci\u00f3n c\u00e9ntrica [&hellip;]<\/p>\n","protected":false},"author":1,"featured_media":761,"parent":0,"menu_order":0,"comment_status":"closed","ping_status":"closed","template":"","meta":{"footnotes":""},"class_list":["post-846","page","type-page","status-publish","has-post-thumbnail","hentry"],"_links":{"self":[{"href":"https:\/\/latrobadahotelsport.com\/cat\/wp-json\/wp\/v2\/pages\/846","targetHints":{"allow":["GET"]}}],"collection":[{"href":"https:\/\/latrobadahotelsport.com\/cat\/wp-json\/wp\/v2\/pages"}],"about":[{"href":"https:\/\/latrobadahotelsport.com\/cat\/wp-json\/wp\/v2\/types\/page"}],"author":[{"embeddable":true,"href":"https:\/\/latrobadahotelsport.com\/cat\/wp-json\/wp\/v2\/users\/1"}],"replies":[{"embeddable":true,"href":"https:\/\/latrobadahotelsport.com\/cat\/wp-json\/wp\/v2\/comments?post=846"}],"version-history":[{"count":79,"href":"https:\/\/latrobadahotelsport.com\/cat\/wp-json\/wp\/v2\/pages\/846\/revisions"}],"predecessor-version":[{"id":1853,"href":"https:\/\/latrobadahotelsport.com\/cat\/wp-json\/wp\/v2\/pages\/846\/revisions\/1853"}],"wp:featuredmedia":[{"embeddable":true,"href":"https:\/\/latrobadahotelsport.com\/cat\/wp-json\/wp\/v2\/media\/761"}],"wp:attachment":[{"href":"https:\/\/latrobadahotelsport.com\/cat\/wp-json\/wp\/v2\/media?parent=846"}],"curies":[{"name":"wp","href":"https:\/\/api.w.org\/{rel}","templated":true}]}}