{"id":61,"date":"2024-07-17T10:40:02","date_gmt":"2024-07-17T08:40:02","guid":{"rendered":"https:\/\/latrobadahotelsport.com\/?page_id=61"},"modified":"2026-04-23T16:20:55","modified_gmt":"2026-04-23T14:20:55","slug":"politica-de-privacidad","status":"publish","type":"page","link":"https:\/\/latrobadahotelsport.com\/cat\/politica-de-privacidad\/","title":{"rendered":"Pol\u00edtica de privacidad"},"content":{"rendered":"\t\t<div data-elementor-type=\"wp-page\" data-elementor-id=\"61\" class=\"elementor elementor-61\" data-elementor-post-type=\"page\">\n\t\t\t\t<div class=\"elementor-element elementor-element-5b67b6e e-flex e-con-boxed e-con e-parent\" data-id=\"5b67b6e\" data-element_type=\"container\" data-e-type=\"container\">\n\t\t\t\t\t<div class=\"e-con-inner\">\n\t\t<div class=\"elementor-element elementor-element-62bdc8e e-con-full e-flex e-con e-child\" data-id=\"62bdc8e\" data-element_type=\"container\" data-e-type=\"container\">\n\t\t\t\t<div class=\"elementor-element elementor-element-b614631 elementor-widget elementor-widget-text-editor\" data-id=\"b614631\" data-element_type=\"widget\" data-e-type=\"widget\" data-widget_type=\"text-editor.default\">\n\t\t\t\t<div class=\"elementor-widget-container\">\n\t\t\t\t\t\t\t\t\t<p><u>Pol\u00edtica de Privadesa (RGPD)<\/u><\/p><p><strong>\u00a0<\/strong><\/p><p><strong>Responsable<\/strong> <strong>Tractament:<\/strong> LA TROBADA HOTEL, S.L.\u00a0 &#8211; B17357500, amb domicili a\u00a0 Passeig Honorat Vilamanya, 4.\u00a0 17500 Ripoll. Tel\u00e8fon 972702353 i mail: <u>admin@latrobadahotel.com<\/u><\/p><p><u>FINALITAT<\/u><\/p><p>La finalitat de la creaci\u00f3, exist\u00e8ncia i manteniment \u00e9s el tractament de les dades amb exclusius fins de de poder fer efectiu el nostre servei , i realitzar la facturaci\u00f3 del mateix.<\/p><p>\u00a0<\/p><p><u>LEGITIMACI\u00d3<\/u><\/p><p>La base legal per al tractament de les seves dades \u00e9s l&#8217;execuci\u00f3 de la prestaci\u00f3 del servei entre el titular de la dada i el responsable del tractament i la informaci\u00f3 personal es conservar\u00e0 mentre es mantingui la prestaci\u00f3 del mateix o durant el temps estrictament necessari per complir amb les obligacions legals.<\/p><p><u>COMUNICACIONS\u00a0 COMERCIALS<\/u><\/p><p>Aix\u00ed mateix, i en base al seu consentiment atorgat de manera afirmativa i expressa, ens permet poder enviar-li informaci\u00f3 comercial sobre els nostres serveis i novetats a trav\u00e9s de correu electr\u00f2nic. Aquest consentiment podr\u00e0 ser revocat en qualsevol moment a trav\u00e9s del nostre correu electr\u00f2nic <u>admin@latrobadahotel.com<\/u><\/p><p>\u00a0<\/p><p><u>PER\u00cdODE DE CONSERVACI\u00d3<\/u><\/p><p>Les dades proporcionades es conservaran mentre es mantingui la prestaci\u00f3 del servei o durant els anys necessaris per complir amb les obligacions legals<\/p><p>\u00a0<\/p><p><u>DESTINATARIS<\/u><\/p><p>Mentre duri el tractament de les dades de l&#8217;interessa tLA TROBADA HOTEL, S.L.\u00a0 no cedir\u00e0 les dades a tercers, llevat que hi hagi obligaci\u00f3 legal.<\/p><p>\u00a0<\/p><p>En els sup\u00f2sits que, per a la realitzaci\u00f3 de tractaments de tipus administratiu, fiscal, comptable i \/ o comercial, es compti amb els serveis de tercers, es formalitzar\u00e0 degudament el preceptiu contracte d&#8217;encarregat de tractament, amb la finalitat de garantir la seguretat i confidencialitat de les dades de l&#8217;interessat davant de tercers.<\/p><p><strong><em>\u00a0<\/em><\/strong><\/p><p><em><u>DRETS<\/u><\/em><\/p><p>Les persones interessades tenen dret a accedir a les seves dades de car\u00e0cter personal, aix\u00ed com a sol\u00b7licitar-ne la rectificaci\u00f3 de les inexactes o, si escau, sol\u00b7licitar la supressi\u00f3 quan, entre d&#8217;altres motius, les dades ja no siguin necessaries per a la finalitat que van ser lliurades, aix\u00ed com retirar el consentiment atorgat. L&#8217;exercici d&#8217;oposici\u00f3 al tractament de les seves dades per a l&#8217;enviament d&#8217;informaci\u00f3 publicit\u00e0ria per via electr\u00f2nica. Tamb\u00e9 pot exercir el seu dret a la limitaci\u00f3 del tractament, de manera que les seves dades no seran suprimides per\u00f2 el tractament de les mateixes estar\u00e0 subjecte a limitacions.<\/p><p>Els exercicis de portabilitat i automatitzaci\u00f3 de decisions no apliquen en aquest cas per la tipologia de dades i tractament de les mateixes.<\/p>\t\t\t\t\t\t\t\t<\/div>\n\t\t\t\t<\/div>\n\t\t\t\t<\/div>\n\t\t\t\t\t<\/div>\n\t\t\t\t<\/div>\n\t\t\t\t<\/div>\n\t\t","protected":false},"excerpt":{"rendered":"<p>Pol\u00edtica de Privadesa (RGPD) \u00a0 Responsable Tractament: LA TROBADA HOTEL, S.L.\u00a0 &#8211; B17357500, amb domicili a\u00a0 Passeig Honorat Vilamanya, 4.\u00a0 17500 Ripoll. Tel\u00e8fon 972702353 i mail: admin@latrobadahotel.com FINALITAT La finalitat de la creaci\u00f3, exist\u00e8ncia i manteniment \u00e9s el tractament de les dades amb exclusius fins de de poder fer efectiu el nostre servei , i [&hellip;]<\/p>\n","protected":false},"author":1,"featured_media":0,"parent":0,"menu_order":0,"comment_status":"closed","ping_status":"closed","template":"elementor_header_footer","meta":{"footnotes":""},"class_list":["post-61","page","type-page","status-publish","hentry"],"_links":{"self":[{"href":"https:\/\/latrobadahotelsport.com\/cat\/wp-json\/wp\/v2\/pages\/61","targetHints":{"allow":["GET"]}}],"collection":[{"href":"https:\/\/latrobadahotelsport.com\/cat\/wp-json\/wp\/v2\/pages"}],"about":[{"href":"https:\/\/latrobadahotelsport.com\/cat\/wp-json\/wp\/v2\/types\/page"}],"author":[{"embeddable":true,"href":"https:\/\/latrobadahotelsport.com\/cat\/wp-json\/wp\/v2\/users\/1"}],"replies":[{"embeddable":true,"href":"https:\/\/latrobadahotelsport.com\/cat\/wp-json\/wp\/v2\/comments?post=61"}],"version-history":[{"count":3,"href":"https:\/\/latrobadahotelsport.com\/cat\/wp-json\/wp\/v2\/pages\/61\/revisions"}],"predecessor-version":[{"id":2079,"href":"https:\/\/latrobadahotelsport.com\/cat\/wp-json\/wp\/v2\/pages\/61\/revisions\/2079"}],"wp:attachment":[{"href":"https:\/\/latrobadahotelsport.com\/cat\/wp-json\/wp\/v2\/media?parent=61"}],"curies":[{"name":"wp","href":"https:\/\/api.w.org\/{rel}","templated":true}]}}